{"id":2090,"date":"2025-11-30T14:17:03","date_gmt":"2025-11-30T14:17:03","guid":{"rendered":"https:\/\/billetterie.apege.ch\/?post_type=product&#038;p=2090"},"modified":"2026-03-18T09:58:02","modified_gmt":"2026-03-18T09:58:02","slug":"un-jackpot-de-reve-comedie-musicale-humoristique-mardi-19-mai-2026-a-14h30","status":"publish","type":"product","link":"https:\/\/billetterie.apege.ch\/index.php\/produit\/un-jackpot-de-reve-comedie-musicale-humoristique-mardi-19-mai-2026-a-14h30\/","title":{"rendered":"UN JACKPOT DE R\u00caVE Com\u00e9die musicale humoristique Mardi 19 mai 2026 \u00e0 14h30"},"content":{"rendered":"<p><strong>Compagnie :<\/strong> La Com\u00e9die Lyrique Romande<br \/>\nMardi 19 mai 2026\u00e0 14h30<br \/>\nLieu : Salle Centrale Madeleine,10 rue de la Madeleine, 1204 Gen\u00e8ve<\/p>\n<p>\u00ab Un Jackpot de R\u00eave \u00bb est une com\u00e9die musicale humoristique, traitant d&rsquo;un groupe de gagnants \u00e0 la loterie ayant des d\u00e9sirs extravagants. L&rsquo;animatrice vedette, Macha, est confront\u00e9e \u00e0 la pression de sa directrice pour augmenter les audiences, faisant de cette \u00e9mission sa derni\u00e8re opportunit\u00e9 de sauver son emploi. Le spectacle, hilarant, promet un voyage magique dans le temps et l&rsquo;espace pour r\u00e9aliser les r\u00eaves \u00e9tranges des six gagnants.<\/p>\n<p>&nbsp;<\/p>\n<p><strong>Remarque importante concernant l\u2019envoi des billets<\/strong><\/p>\n<p class=\"p1\">Les billets de concert, spectacle et op\u00e9ra peuvent \u00eatre envoy\u00e9s en plusieurs fois car nous recevons ces billets \u2013 command\u00e9s aupr\u00e8s de la Ville de Gen\u00e8ve \u2013 quelques semaines avant chaque repr\u00e9sentation.<\/p>\n<p class=\"p1\">Les billets sont normalement envoy\u00e9s une \u00e0 deux semaines avant chaque repr\u00e9sentation, et ne sont ni repris ni \u00e9chang\u00e9s.<\/p>\n","protected":false},"excerpt":{"rendered":"<p>Compagnie : La Com\u00e9die Lyrique Romande Mardi 19 mai 2026\u00e0 14h30 Lieu : Salle Centrale Madeleine,10 rue de la Madeleine, 1204 Gen\u00e8ve \u00ab Un Jackpot de R\u00eave \u00bb est une com\u00e9die musicale humoristique, traitant d&rsquo;un groupe de gagnants \u00e0 la&hellip;<\/p>\n","protected":false},"featured_media":724,"template":"","meta":[],"product_brand":[],"product_cat":[18],"product_tag":[],"class_list":{"0":"post-2090","1":"product","2":"type-product","3":"status-publish","4":"has-post-thumbnail","6":"product_cat-spectacles","7":"entry","8":"has-media","10":"first","11":"outofstock","12":"shipping-taxable","13":"purchasable","14":"product-type-simple","15":"col","16":"wpex-woo-entry","17":"span_1_of_4"},"_links":{"self":[{"href":"https:\/\/billetterie.apege.ch\/index.php\/wp-json\/wp\/v2\/product\/2090","targetHints":{"allow":["GET"]}}],"collection":[{"href":"https:\/\/billetterie.apege.ch\/index.php\/wp-json\/wp\/v2\/product"}],"about":[{"href":"https:\/\/billetterie.apege.ch\/index.php\/wp-json\/wp\/v2\/types\/product"}],"wp:featuredmedia":[{"embeddable":true,"href":"https:\/\/billetterie.apege.ch\/index.php\/wp-json\/wp\/v2\/media\/724"}],"wp:attachment":[{"href":"https:\/\/billetterie.apege.ch\/index.php\/wp-json\/wp\/v2\/media?parent=2090"}],"wp:term":[{"taxonomy":"product_brand","embeddable":true,"href":"https:\/\/billetterie.apege.ch\/index.php\/wp-json\/wp\/v2\/product_brand?post=2090"},{"taxonomy":"product_cat","embeddable":true,"href":"https:\/\/billetterie.apege.ch\/index.php\/wp-json\/wp\/v2\/product_cat?post=2090"},{"taxonomy":"product_tag","embeddable":true,"href":"https:\/\/billetterie.apege.ch\/index.php\/wp-json\/wp\/v2\/product_tag?post=2090"}],"curies":[{"name":"wp","href":"https:\/\/api.w.org\/{rel}","templated":true}]}}