{"id":2088,"date":"2025-11-29T14:12:17","date_gmt":"2025-11-29T14:12:17","guid":{"rendered":"https:\/\/billetterie.apege.ch\/?post_type=product&#038;p=2088"},"modified":"2026-02-04T10:12:58","modified_gmt":"2026-02-04T10:12:58","slug":"a-table-comedie-musicale-lundi-16-mars-2026-a-14h30","status":"publish","type":"product","link":"https:\/\/billetterie.apege.ch\/index.php\/produit\/a-table-comedie-musicale-lundi-16-mars-2026-a-14h30\/","title":{"rendered":"\u00c0 TABLE ! Com\u00e9die musicale Lundi 16 mars 2026 \u00e0 14h30"},"content":{"rendered":"<p>Compagnie : La Com\u00e9die Lyrique Romande<br \/>\nLundi 16 mars 2026 \u00e0 14h30<br \/>\nLieu : Salle Centrale Madeleine,10 rue de la Madeleine1204 GE<br \/>\nDur\u00e9e : 1h55 (sans entracte)<\/p>\n<p>\u00ab\u00a0L\u00e9on, ma\u00eetre d\u2019h\u00f4tel de LUCULLIS, vise une \u00e9toile Michelin. Avec une \u00e9quipe r\u00e9duite et un robot, il sert des clients vari\u00e9s. Cette com\u00e9die musicale gastronomique propose des num\u00e9ros hilarants sur des tubes vari\u00e9s.\u00a0\u00bb<\/p>\n<p>&nbsp;<\/p>\n<p><strong>Remarque importante concernant l\u2019envoi des billets<\/strong><\/p>\n<p class=\"p1\">Les billets de concert, spectacle et op\u00e9ra peuvent \u00eatre envoy\u00e9s en plusieurs fois car nous recevons ces billets \u2013 command\u00e9s aupr\u00e8s de la Ville de Gen\u00e8ve \u2013 quelques semaines avant chaque repr\u00e9sentation.<\/p>\n<p class=\"p1\">Les billets sont normalement envoy\u00e9s une \u00e0 deux semaines avant chaque repr\u00e9sentation, et ne sont ni repris ni \u00e9chang\u00e9s.<\/p>\n","protected":false},"excerpt":{"rendered":"<p>Compagnie : La Com\u00e9die Lyrique Romande Lundi 16 mars 2026 \u00e0 14h30 Lieu : Salle Centrale Madeleine,10 rue de la Madeleine1204 GE Dur\u00e9e : 1h55 (sans entracte) \u00ab\u00a0L\u00e9on, ma\u00eetre d\u2019h\u00f4tel de LUCULLIS, vise une \u00e9toile Michelin. Avec une \u00e9quipe r\u00e9duite&hellip;<\/p>\n","protected":false},"featured_media":724,"template":"","meta":[],"product_brand":[],"product_cat":[18],"product_tag":[],"class_list":{"0":"post-2088","1":"product","2":"type-product","3":"status-publish","4":"has-post-thumbnail","6":"product_cat-spectacles","7":"entry","8":"has-media","10":"first","11":"outofstock","12":"shipping-taxable","13":"purchasable","14":"product-type-simple","15":"col","16":"wpex-woo-entry","17":"span_1_of_4"},"_links":{"self":[{"href":"https:\/\/billetterie.apege.ch\/index.php\/wp-json\/wp\/v2\/product\/2088","targetHints":{"allow":["GET"]}}],"collection":[{"href":"https:\/\/billetterie.apege.ch\/index.php\/wp-json\/wp\/v2\/product"}],"about":[{"href":"https:\/\/billetterie.apege.ch\/index.php\/wp-json\/wp\/v2\/types\/product"}],"wp:featuredmedia":[{"embeddable":true,"href":"https:\/\/billetterie.apege.ch\/index.php\/wp-json\/wp\/v2\/media\/724"}],"wp:attachment":[{"href":"https:\/\/billetterie.apege.ch\/index.php\/wp-json\/wp\/v2\/media?parent=2088"}],"wp:term":[{"taxonomy":"product_brand","embeddable":true,"href":"https:\/\/billetterie.apege.ch\/index.php\/wp-json\/wp\/v2\/product_brand?post=2088"},{"taxonomy":"product_cat","embeddable":true,"href":"https:\/\/billetterie.apege.ch\/index.php\/wp-json\/wp\/v2\/product_cat?post=2088"},{"taxonomy":"product_tag","embeddable":true,"href":"https:\/\/billetterie.apege.ch\/index.php\/wp-json\/wp\/v2\/product_tag?post=2088"}],"curies":[{"name":"wp","href":"https:\/\/api.w.org\/{rel}","templated":true}]}}