{"id":2086,"date":"2025-11-27T14:02:59","date_gmt":"2025-11-27T14:02:59","guid":{"rendered":"https:\/\/billetterie.apege.ch\/?post_type=product&#038;p=2086"},"modified":"2025-12-21T08:33:20","modified_gmt":"2025-12-21T08:33:20","slug":"le-cabaret-de-mes-parents-comedie-musicale-jeudi-5-fevrier-2026-a-14h30","status":"publish","type":"product","link":"https:\/\/billetterie.apege.ch\/index.php\/produit\/le-cabaret-de-mes-parents-comedie-musicale-jeudi-5-fevrier-2026-a-14h30\/","title":{"rendered":"LE CABARET DE MES PARENTS \u2013 Com\u00e9die musicale Jeudi 5 f\u00e9vrier 2026 \u00e0 14h30"},"content":{"rendered":"<p>Compagnie : Compagnie Confiture<br \/>\nJeudi 5 f\u00e9vrier 2026 \u00e0 14h30<br \/>\nLieu : Th\u00e9\u00e2tre Les Salons, Rue Jean-Fran\u00e7ois Bartholoni 6, 1204 Gen\u00e8ve<br \/>\nDur\u00e9e : 1h30 (sans entracte)<\/p>\n<p>Apr\u00e8s le \u00ab Cabinet m\u00e9dical \u00bb et le \u00ab Cabaret Protestant \u00bb, Philippe Cohen et ses complices explorent l&rsquo;histoire du caf\u00e9-concert, du music-hall et du cabaret, m\u00ealant r\u00e9f\u00e9rences r\u00e9elles et imaginaires. Une soir\u00e9e de sketches et chansons, remplie de r\u00eaves, d&rsquo;amour et d&rsquo;humour.<\/p>\n<p>&nbsp;<\/p>\n<p><strong>Remarque importante concernant l\u2019envoi des billets<\/strong><\/p>\n<p class=\"p1\">Les billets de concert, spectacle et op\u00e9ra peuvent \u00eatre envoy\u00e9s en plusieurs fois car nous recevons ces billets \u2013 command\u00e9s aupr\u00e8s de la Ville de Gen\u00e8ve \u2013 quelques semaines avant chaque repr\u00e9sentation.<\/p>\n<p class=\"p1\">Les billets sont normalement envoy\u00e9s une \u00e0 deux semaines avant chaque repr\u00e9sentation, et ne sont ni repris ni \u00e9chang\u00e9s.<\/p>\n","protected":false},"excerpt":{"rendered":"<p>Compagnie : Compagnie Confiture Jeudi 5 f\u00e9vrier 2026 \u00e0 14h30 Lieu : Th\u00e9\u00e2tre Les Salons, Rue Jean-Fran\u00e7ois Bartholoni 6, 1204 Gen\u00e8ve Dur\u00e9e : 1h30 (sans entracte) Apr\u00e8s le \u00ab Cabinet m\u00e9dical \u00bb et le \u00ab Cabaret Protestant \u00bb, Philippe Cohen&hellip;<\/p>\n","protected":false},"featured_media":724,"template":"","meta":[],"product_brand":[],"product_cat":[18],"product_tag":[],"class_list":{"0":"post-2086","1":"product","2":"type-product","3":"status-publish","4":"has-post-thumbnail","6":"product_cat-spectacles","7":"entry","8":"has-media","10":"first","11":"outofstock","12":"shipping-taxable","13":"purchasable","14":"product-type-simple","15":"col","16":"wpex-woo-entry","17":"span_1_of_4"},"_links":{"self":[{"href":"https:\/\/billetterie.apege.ch\/index.php\/wp-json\/wp\/v2\/product\/2086","targetHints":{"allow":["GET"]}}],"collection":[{"href":"https:\/\/billetterie.apege.ch\/index.php\/wp-json\/wp\/v2\/product"}],"about":[{"href":"https:\/\/billetterie.apege.ch\/index.php\/wp-json\/wp\/v2\/types\/product"}],"wp:featuredmedia":[{"embeddable":true,"href":"https:\/\/billetterie.apege.ch\/index.php\/wp-json\/wp\/v2\/media\/724"}],"wp:attachment":[{"href":"https:\/\/billetterie.apege.ch\/index.php\/wp-json\/wp\/v2\/media?parent=2086"}],"wp:term":[{"taxonomy":"product_brand","embeddable":true,"href":"https:\/\/billetterie.apege.ch\/index.php\/wp-json\/wp\/v2\/product_brand?post=2086"},{"taxonomy":"product_cat","embeddable":true,"href":"https:\/\/billetterie.apege.ch\/index.php\/wp-json\/wp\/v2\/product_cat?post=2086"},{"taxonomy":"product_tag","embeddable":true,"href":"https:\/\/billetterie.apege.ch\/index.php\/wp-json\/wp\/v2\/product_tag?post=2086"}],"curies":[{"name":"wp","href":"https:\/\/api.w.org\/{rel}","templated":true}]}}