{"id":682,"date":"2023-06-10T08:49:26","date_gmt":"2023-06-10T08:49:26","guid":{"rendered":"https:\/\/billetterie.apege.ch\/?page_id=682"},"modified":"2023-06-10T09:01:48","modified_gmt":"2023-06-10T09:01:48","slug":"spectacles","status":"publish","type":"page","link":"https:\/\/billetterie.apege.ch\/index.php\/spectacles\/","title":{"rendered":"Spectacles"},"content":{"rendered":"[vc_row][vc_column]<div class=\"woocommerce columns-4 \">\n<ul class=\"products wpex-row clr match-height-grid\"><li class=\"entry has-media col wpex-woo-entry span_1_of_4 product type-product post-2086 status-publish first outofstock product_cat-spectacles has-post-thumbnail shipping-taxable purchasable product-type-simple\">\n\t<div class=\"product-inner clr\">\t\t<div class=\"outofstock-badge\">Plus en stock<\/div>\n\t\t<div class=\"wpex-loop-product-images\"><a href=\"https:\/\/billetterie.apege.ch\/index.php\/produit\/le-cabaret-de-mes-parents-comedie-musicale-jeudi-5-fevrier-2026-a-14h30\/\" class=\"woocommerce-LoopProduct-link woocommerce-loop-product__link\">\n\t<img loading=\"lazy\" decoding=\"async\" class=\"woo-entry-image-main wp-post-image\" alt=\"LE CABARET DE MES PARENTS \u2013 Com\u00e9die Musicale Jeudi 5 F\u00e9vrier 2026 \u00e0 14h30\" src=\"https:\/\/billetterie.apege.ch\/wp-content\/uploads\/2023\/06\/Jardin-cour-filage-paradis.-Parlez-vous-theatre-1024x577-1.jpeg\" data-no-retina width=\"1024\" height=\"577\" \/>\n<\/a>\t\t<div class=\"wpex-loop-product-add-to-cart\"><a href=\"https:\/\/billetterie.apege.ch\/index.php\/produit\/le-cabaret-de-mes-parents-comedie-musicale-jeudi-5-fevrier-2026-a-14h30\/\" aria-describedby=\"woocommerce_loop_add_to_cart_link_describedby_2086\" data-quantity=\"1\" class=\"button product_type_simple\" data-product_id=\"2086\" data-product_sku=\"\" aria-label=\"En savoir plus sur &ldquo;LE CABARET DE MES PARENTS \u2013 Com\u00e9die musicale Jeudi 5 f\u00e9vrier 2026 \u00e0 14h30&rdquo;\" rel=\"nofollow\" data-success_message=\"\">Ajouter<\/a>\t<span id=\"woocommerce_loop_add_to_cart_link_describedby_2086\" class=\"screen-reader-text\">\n\t\t\t<\/span>\n<\/div>\n\t<\/div><div class=\"product-details match-height-content\"><a href=\"https:\/\/billetterie.apege.ch\/index.php\/produit\/le-cabaret-de-mes-parents-comedie-musicale-jeudi-5-fevrier-2026-a-14h30\/\"><h2 class=\"woocommerce-loop-product__title\">LE CABARET DE MES PARENTS \u2013 Com\u00e9die musicale Jeudi 5 f\u00e9vrier 2026 \u00e0 14h30<\/h2><\/a>\n\t<span class=\"price\"><span class=\"woocommerce-Price-amount amount\"><bdi>10.00<span class=\"woocommerce-Price-currencySymbol\">&#67;&#72;&#70;<\/span><\/bdi><\/span><\/span>\n<\/div><\/div><\/li>\n<li class=\"entry has-media col wpex-woo-entry span_1_of_4 product type-product post-2087 status-publish outofstock product_cat-spectacles has-post-thumbnail shipping-taxable purchasable product-type-simple\">\n\t<div class=\"product-inner clr\">\t\t<div class=\"outofstock-badge\">Plus en stock<\/div>\n\t\t<div class=\"wpex-loop-product-images\"><a href=\"https:\/\/billetterie.apege.ch\/index.php\/produit\/revue-et-non-corrigee-revue-politique-et-societale-samedi-28-fevrier-2026-a-14h30\/\" class=\"woocommerce-LoopProduct-link woocommerce-loop-product__link\">\n\t<img loading=\"lazy\" decoding=\"async\" class=\"woo-entry-image-main wp-post-image\" alt=\"REVUE ET NON CORRIG\u00c9E Revue Politique Et Soci\u00e9tale Samedi 28 F\u00e9vrier 2026 \u00e0 14h30\" src=\"https:\/\/billetterie.apege.ch\/wp-content\/uploads\/2023\/06\/Jardin-cour-filage-paradis.-Parlez-vous-theatre-1024x577-1.jpeg\" data-no-retina width=\"1024\" height=\"577\" \/>\n<\/a>\t\t<div class=\"wpex-loop-product-add-to-cart\"><a href=\"https:\/\/billetterie.apege.ch\/index.php\/produit\/revue-et-non-corrigee-revue-politique-et-societale-samedi-28-fevrier-2026-a-14h30\/\" aria-describedby=\"woocommerce_loop_add_to_cart_link_describedby_2087\" data-quantity=\"1\" class=\"button product_type_simple\" data-product_id=\"2087\" data-product_sku=\"\" aria-label=\"En savoir plus sur &ldquo;REVUE ET NON CORRIG\u00c9E Revue politique et soci\u00e9tale Samedi 28 f\u00e9vrier 2026 \u00e0 14h30&rdquo;\" rel=\"nofollow\" data-success_message=\"\">Ajouter<\/a>\t<span id=\"woocommerce_loop_add_to_cart_link_describedby_2087\" class=\"screen-reader-text\">\n\t\t\t<\/span>\n<\/div>\n\t<\/div><div class=\"product-details match-height-content\"><a href=\"https:\/\/billetterie.apege.ch\/index.php\/produit\/revue-et-non-corrigee-revue-politique-et-societale-samedi-28-fevrier-2026-a-14h30\/\"><h2 class=\"woocommerce-loop-product__title\">REVUE ET NON CORRIG\u00c9E Revue politique et soci\u00e9tale Samedi 28 f\u00e9vrier 2026 \u00e0 14h30<\/h2><\/a>\n\t<span class=\"price\"><span class=\"woocommerce-Price-amount amount\"><bdi>10.00<span class=\"woocommerce-Price-currencySymbol\">&#67;&#72;&#70;<\/span><\/bdi><\/span><\/span>\n<\/div><\/div><\/li>\n<li class=\"entry has-media col wpex-woo-entry span_1_of_4 product type-product post-2088 status-publish outofstock product_cat-spectacles has-post-thumbnail shipping-taxable purchasable product-type-simple\">\n\t<div class=\"product-inner clr\">\t\t<div class=\"outofstock-badge\">Plus en stock<\/div>\n\t\t<div class=\"wpex-loop-product-images\"><a href=\"https:\/\/billetterie.apege.ch\/index.php\/produit\/a-table-comedie-musicale-lundi-16-mars-2026-a-14h30\/\" class=\"woocommerce-LoopProduct-link woocommerce-loop-product__link\">\n\t<img loading=\"lazy\" decoding=\"async\" class=\"woo-entry-image-main wp-post-image\" alt=\"\u00c0 TABLE ! Com\u00e9die Musicale Lundi 16 Mars 2026 \u00e0 14h30\" src=\"https:\/\/billetterie.apege.ch\/wp-content\/uploads\/2023\/06\/Jardin-cour-filage-paradis.-Parlez-vous-theatre-1024x577-1.jpeg\" data-no-retina width=\"1024\" height=\"577\" \/>\n<\/a>\t\t<div class=\"wpex-loop-product-add-to-cart\"><a href=\"https:\/\/billetterie.apege.ch\/index.php\/produit\/a-table-comedie-musicale-lundi-16-mars-2026-a-14h30\/\" aria-describedby=\"woocommerce_loop_add_to_cart_link_describedby_2088\" data-quantity=\"1\" class=\"button product_type_simple\" data-product_id=\"2088\" data-product_sku=\"\" aria-label=\"En savoir plus sur &ldquo;\u00c0 TABLE ! Com\u00e9die musicale Lundi 16 mars 2026 \u00e0 14h30&rdquo;\" rel=\"nofollow\" data-success_message=\"\">Ajouter<\/a>\t<span id=\"woocommerce_loop_add_to_cart_link_describedby_2088\" class=\"screen-reader-text\">\n\t\t\t<\/span>\n<\/div>\n\t<\/div><div class=\"product-details match-height-content\"><a href=\"https:\/\/billetterie.apege.ch\/index.php\/produit\/a-table-comedie-musicale-lundi-16-mars-2026-a-14h30\/\"><h2 class=\"woocommerce-loop-product__title\">\u00c0 TABLE ! Com\u00e9die musicale Lundi 16 mars 2026 \u00e0 14h30<\/h2><\/a>\n\t<span class=\"price\"><span class=\"woocommerce-Price-amount amount\"><bdi>10.00<span class=\"woocommerce-Price-currencySymbol\">&#67;&#72;&#70;<\/span><\/bdi><\/span><\/span>\n<\/div><\/div><\/li>\n<li class=\"entry has-media col wpex-woo-entry span_1_of_4 product type-product post-2090 status-publish last outofstock product_cat-spectacles has-post-thumbnail shipping-taxable purchasable product-type-simple\">\n\t<div class=\"product-inner clr\">\t\t<div class=\"outofstock-badge\">Plus en stock<\/div>\n\t\t<div class=\"wpex-loop-product-images\"><a href=\"https:\/\/billetterie.apege.ch\/index.php\/produit\/un-jackpot-de-reve-comedie-musicale-humoristique-mardi-19-mai-2026-a-14h30\/\" class=\"woocommerce-LoopProduct-link woocommerce-loop-product__link\">\n\t<img loading=\"lazy\" decoding=\"async\" class=\"woo-entry-image-main wp-post-image\" alt=\"UN JACKPOT DE R\u00caVE Com\u00e9die Musicale Humoristique Mardi 19 Mai 2026 \u00e0 14h30\" src=\"https:\/\/billetterie.apege.ch\/wp-content\/uploads\/2023\/06\/Jardin-cour-filage-paradis.-Parlez-vous-theatre-1024x577-1.jpeg\" data-no-retina width=\"1024\" height=\"577\" \/>\n<\/a>\t\t<div class=\"wpex-loop-product-add-to-cart\"><a href=\"https:\/\/billetterie.apege.ch\/index.php\/produit\/un-jackpot-de-reve-comedie-musicale-humoristique-mardi-19-mai-2026-a-14h30\/\" aria-describedby=\"woocommerce_loop_add_to_cart_link_describedby_2090\" data-quantity=\"1\" class=\"button product_type_simple\" data-product_id=\"2090\" data-product_sku=\"\" aria-label=\"En savoir plus sur &ldquo;UN JACKPOT DE R\u00caVE Com\u00e9die musicale humoristique Mardi 19 mai 2026 \u00e0 14h30&rdquo;\" rel=\"nofollow\" data-success_message=\"\">Ajouter<\/a>\t<span id=\"woocommerce_loop_add_to_cart_link_describedby_2090\" class=\"screen-reader-text\">\n\t\t\t<\/span>\n<\/div>\n\t<\/div><div class=\"product-details match-height-content\"><a href=\"https:\/\/billetterie.apege.ch\/index.php\/produit\/un-jackpot-de-reve-comedie-musicale-humoristique-mardi-19-mai-2026-a-14h30\/\"><h2 class=\"woocommerce-loop-product__title\">UN JACKPOT DE R\u00caVE Com\u00e9die musicale humoristique Mardi 19 mai 2026 \u00e0 14h30<\/h2><\/a>\n\t<span class=\"price\"><span class=\"woocommerce-Price-amount amount\"><bdi>10.00<span class=\"woocommerce-Price-currencySymbol\">&#67;&#72;&#70;<\/span><\/bdi><\/span><\/span>\n<\/div><\/div><\/li>\n<\/ul>\n<\/div>[\/vc_column][\/vc_row]\n","protected":false},"excerpt":{"rendered":"<p>[vc_row][vc_column][\/vc_column][\/vc_row]<\/p>\n","protected":false},"author":1,"featured_media":0,"parent":0,"menu_order":0,"comment_status":"closed","ping_status":"closed","template":"templates\/no-sidebar.php","meta":{"footnotes":""},"class_list":["post-682","page","type-page","status-publish","hentry","entry","no-media"],"_links":{"self":[{"href":"https:\/\/billetterie.apege.ch\/index.php\/wp-json\/wp\/v2\/pages\/682","targetHints":{"allow":["GET"]}}],"collection":[{"href":"https:\/\/billetterie.apege.ch\/index.php\/wp-json\/wp\/v2\/pages"}],"about":[{"href":"https:\/\/billetterie.apege.ch\/index.php\/wp-json\/wp\/v2\/types\/page"}],"author":[{"embeddable":true,"href":"https:\/\/billetterie.apege.ch\/index.php\/wp-json\/wp\/v2\/users\/1"}],"replies":[{"embeddable":true,"href":"https:\/\/billetterie.apege.ch\/index.php\/wp-json\/wp\/v2\/comments?post=682"}],"version-history":[{"count":3,"href":"https:\/\/billetterie.apege.ch\/index.php\/wp-json\/wp\/v2\/pages\/682\/revisions"}],"predecessor-version":[{"id":688,"href":"https:\/\/billetterie.apege.ch\/index.php\/wp-json\/wp\/v2\/pages\/682\/revisions\/688"}],"wp:attachment":[{"href":"https:\/\/billetterie.apege.ch\/index.php\/wp-json\/wp\/v2\/media?parent=682"}],"curies":[{"name":"wp","href":"https:\/\/api.w.org\/{rel}","templated":true}]}}