{"id":474,"date":"2022-12-12T15:49:47","date_gmt":"2022-12-12T15:49:47","guid":{"rendered":"https:\/\/billetterie.apege.ch\/?page_id=474"},"modified":"2026-01-22T02:57:55","modified_gmt":"2026-01-22T02:57:55","slug":"billetterie","status":"publish","type":"page","link":"https:\/\/billetterie.apege.ch\/","title":{"rendered":"Concerts et op\u00e9ras"},"content":{"rendered":"<div class=\"woocommerce columns-4 \">\n<ul class=\"products wpex-row clr match-height-grid\"><li class=\"entry has-media col wpex-woo-entry span_1_of_4 product type-product post-2081 status-publish first outofstock product_cat-concerts-et-operas has-post-thumbnail shipping-taxable purchasable product-type-simple\">\n\t<div class=\"product-inner clr\">\t\t<div class=\"outofstock-badge\">Plus en stock<\/div>\n\t\t<div class=\"wpex-loop-product-images\"><a href=\"https:\/\/billetterie.apege.ch\/index.php\/produit\/concert-orchestre-du-college-head-zimmer-rudaz-moussorgsky-victoria-hall-18-janvier-2026-a-17h00\/\" class=\"woocommerce-LoopProduct-link woocommerce-loop-product__link\">\n\t<img loading=\"lazy\" decoding=\"async\" class=\"woo-entry-image-main wp-post-image\" alt=\"Concert \u2013 ORCHESTRE DU COLLEGE HEAD Zimmer, Rudaz, Moussorgsky VICTORIA HALL \u2013 18 Janvier 2026 \u00e0 17h00\" src=\"https:\/\/billetterie.apege.ch\/wp-content\/uploads\/2020\/01\/D9F83367-4622-4A59-9BB7-87CB1B878C04.jpeg\" data-no-retina width=\"900\" height=\"600\" \/>\n<\/a>\t\t<div class=\"wpex-loop-product-add-to-cart\"><a href=\"https:\/\/billetterie.apege.ch\/index.php\/produit\/concert-orchestre-du-college-head-zimmer-rudaz-moussorgsky-victoria-hall-18-janvier-2026-a-17h00\/\" aria-describedby=\"woocommerce_loop_add_to_cart_link_describedby_2081\" data-quantity=\"1\" class=\"button product_type_simple\" data-product_id=\"2081\" data-product_sku=\"\" aria-label=\"En savoir plus sur &ldquo;Concert \u2013 ORCHESTRE DU COLLEGE HEAD Zimmer, Rudaz, Moussorgsky VICTORIA HALL \u2013 18 janvier 2026 \u00e0 17h00&rdquo;\" rel=\"nofollow\" data-success_message=\"\">Ajouter<\/a>\t<span id=\"woocommerce_loop_add_to_cart_link_describedby_2081\" class=\"screen-reader-text\">\n\t\t\t<\/span>\n<\/div>\n\t<\/div><div class=\"product-details match-height-content\"><a href=\"https:\/\/billetterie.apege.ch\/index.php\/produit\/concert-orchestre-du-college-head-zimmer-rudaz-moussorgsky-victoria-hall-18-janvier-2026-a-17h00\/\"><h2 class=\"woocommerce-loop-product__title\">Concert \u2013 ORCHESTRE DU COLLEGE HEAD Zimmer, Rudaz, Moussorgsky VICTORIA HALL \u2013 18 janvier 2026 \u00e0 17h00<\/h2><\/a>\n\t<span class=\"price\"><span class=\"woocommerce-Price-amount amount\"><bdi>8.00<span class=\"woocommerce-Price-currencySymbol\">&#67;&#72;&#70;<\/span><\/bdi><\/span><\/span>\n<\/div><\/div><\/li>\n<li class=\"entry has-media col wpex-woo-entry span_1_of_4 product type-product post-2082 status-publish outofstock product_cat-concerts-et-operas has-post-thumbnail shipping-taxable purchasable product-type-simple\">\n\t<div class=\"product-inner clr\">\t\t<div class=\"outofstock-badge\">Plus en stock<\/div>\n\t\t<div class=\"wpex-loop-product-images\"><a href=\"https:\/\/billetterie.apege.ch\/index.php\/produit\/concert-ocg-contrecahmps-choeur-en-fusion-projet-et-direction-musicale-aurelien-chappuis-possibilite-de-chant-avec-le-public-victoria-hall-15-fevrier-2026-a-17h00\/\" class=\"woocommerce-LoopProduct-link woocommerce-loop-product__link\">\n\t<img loading=\"lazy\" decoding=\"async\" class=\"woo-entry-image-main wp-post-image\" alt=\"Concert \u2013 OCG &#038; CONTRECAHMPS Ch\u0153ur En Fusion Projet Et Direction Musicale Aur\u00e9lien Chappuis Possibilit\u00e9 De Chant Avec Le Public VICTORIA HALL \u2013 15 F\u00e9vrier 2026 \u00e0 17h00\" src=\"https:\/\/billetterie.apege.ch\/wp-content\/uploads\/2020\/01\/D9F83367-4622-4A59-9BB7-87CB1B878C04.jpeg\" data-no-retina width=\"900\" height=\"600\" \/>\n<\/a>\t\t<div class=\"wpex-loop-product-add-to-cart\"><a href=\"https:\/\/billetterie.apege.ch\/index.php\/produit\/concert-ocg-contrecahmps-choeur-en-fusion-projet-et-direction-musicale-aurelien-chappuis-possibilite-de-chant-avec-le-public-victoria-hall-15-fevrier-2026-a-17h00\/\" aria-describedby=\"woocommerce_loop_add_to_cart_link_describedby_2082\" data-quantity=\"1\" class=\"button product_type_simple\" data-product_id=\"2082\" data-product_sku=\"\" aria-label=\"En savoir plus sur &ldquo;Concert \u2013 OCG &amp; CONTRECAHMPS Ch\u0153ur en fusion Projet et Direction musicale Aur\u00e9lien Chappuis Possibilit\u00e9 de chant avec le public VICTORIA HALL \u2013 15 f\u00e9vrier 2026 \u00e0 17h00&rdquo;\" rel=\"nofollow\" data-success_message=\"\">Ajouter<\/a>\t<span id=\"woocommerce_loop_add_to_cart_link_describedby_2082\" class=\"screen-reader-text\">\n\t\t\t<\/span>\n<\/div>\n\t<\/div><div class=\"product-details match-height-content\"><a href=\"https:\/\/billetterie.apege.ch\/index.php\/produit\/concert-ocg-contrecahmps-choeur-en-fusion-projet-et-direction-musicale-aurelien-chappuis-possibilite-de-chant-avec-le-public-victoria-hall-15-fevrier-2026-a-17h00\/\"><h2 class=\"woocommerce-loop-product__title\">Concert \u2013 OCG &#038; CONTRECAHMPS Ch\u0153ur en fusion Projet et Direction musicale Aur\u00e9lien Chappuis Possibilit\u00e9 de chant avec le public VICTORIA HALL \u2013 15 f\u00e9vrier 2026 \u00e0 17h00<\/h2><\/a>\n\t<span class=\"price\"><span class=\"woocommerce-Price-amount amount\"><bdi>8.00<span class=\"woocommerce-Price-currencySymbol\">&#67;&#72;&#70;<\/span><\/bdi><\/span><\/span>\n<\/div><\/div><\/li>\n<li class=\"entry has-media col wpex-woo-entry span_1_of_4 product type-product post-2083 status-publish outofstock product_cat-concerts-et-operas has-post-thumbnail shipping-taxable purchasable product-type-simple\">\n\t<div class=\"product-inner clr\">\t\t<div class=\"outofstock-badge\">Plus en stock<\/div>\n\t\t<div class=\"wpex-loop-product-images\"><a href=\"https:\/\/billetterie.apege.ch\/index.php\/produit\/concert-ponticello-alla-zingarese-kurtag-lipatti-brahms-liszt-bartok-musique-traditionnelle-hongroise-lectures-de-kafka-kertesz-lipatti-victoria-hall-22-mars-2026-a-17h00\/\" class=\"woocommerce-LoopProduct-link woocommerce-loop-product__link\">\n\t<img loading=\"lazy\" decoding=\"async\" class=\"woo-entry-image-main wp-post-image\" alt=\"Concert \u2013 PONTICELLO Alla Zingarese Kurtag, Lipatti, Brahms, Liszt, Bartok Musique Traditionnelle Hongroise Lectures De Kafka, Kertesz, Lipatti VICTORIA HALL \u2013 22 Mars 2026 \u00e0 17h00\" src=\"https:\/\/billetterie.apege.ch\/wp-content\/uploads\/2020\/01\/D9F83367-4622-4A59-9BB7-87CB1B878C04.jpeg\" data-no-retina width=\"900\" height=\"600\" \/>\n<\/a>\t\t<div class=\"wpex-loop-product-add-to-cart\"><a href=\"https:\/\/billetterie.apege.ch\/index.php\/produit\/concert-ponticello-alla-zingarese-kurtag-lipatti-brahms-liszt-bartok-musique-traditionnelle-hongroise-lectures-de-kafka-kertesz-lipatti-victoria-hall-22-mars-2026-a-17h00\/\" aria-describedby=\"woocommerce_loop_add_to_cart_link_describedby_2083\" data-quantity=\"1\" class=\"button product_type_simple\" data-product_id=\"2083\" data-product_sku=\"\" aria-label=\"En savoir plus sur &ldquo;Concert \u2013 PONTICELLO Alla Zingarese Kurtag, Lipatti, Brahms, Liszt, Bartok Musique traditionnelle hongroise Lectures de Kafka, Kertesz, Lipatti VICTORIA HALL \u2013 22 mars 2026 \u00e0 17h00&rdquo;\" rel=\"nofollow\" data-success_message=\"\">Ajouter<\/a>\t<span id=\"woocommerce_loop_add_to_cart_link_describedby_2083\" class=\"screen-reader-text\">\n\t\t\t<\/span>\n<\/div>\n\t<\/div><div class=\"product-details match-height-content\"><a href=\"https:\/\/billetterie.apege.ch\/index.php\/produit\/concert-ponticello-alla-zingarese-kurtag-lipatti-brahms-liszt-bartok-musique-traditionnelle-hongroise-lectures-de-kafka-kertesz-lipatti-victoria-hall-22-mars-2026-a-17h00\/\"><h2 class=\"woocommerce-loop-product__title\">Concert \u2013 PONTICELLO Alla Zingarese Kurtag, Lipatti, Brahms, Liszt, Bartok Musique traditionnelle hongroise Lectures de Kafka, Kertesz, Lipatti VICTORIA HALL \u2013 22 mars 2026 \u00e0 17h00<\/h2><\/a>\n\t<span class=\"price\"><span class=\"woocommerce-Price-amount amount\"><bdi>8.00<span class=\"woocommerce-Price-currencySymbol\">&#67;&#72;&#70;<\/span><\/bdi><\/span><\/span>\n<\/div><\/div><\/li>\n<li class=\"entry has-media col wpex-woo-entry span_1_of_4 product type-product post-2084 status-publish last outofstock product_cat-concerts-et-operas has-post-thumbnail shipping-taxable purchasable product-type-simple\">\n\t<div class=\"product-inner clr\">\t\t<div class=\"outofstock-badge\">Plus en stock<\/div>\n\t\t<div class=\"wpex-loop-product-images\"><a href=\"https:\/\/billetterie.apege.ch\/index.php\/produit\/concert-hem-choeur-orchestre-luciano-berio-dapres-pablo-neruda-et-chants-populaires-victoria-hall-26-avril-2026-a-17h00\/\" class=\"woocommerce-LoopProduct-link woocommerce-loop-product__link\">\n\t<img loading=\"lazy\" decoding=\"async\" class=\"woo-entry-image-main wp-post-image\" alt=\"Concert \u2013 HEM Ch\u0153ur &#038; Orchestre Luciano Berio, D\u2019apr\u00e8s Pablo Neruda Et Chants Populaires VICTORIA HALL \u2013 26 Avril 2026 \u00e0 17h00\" src=\"https:\/\/billetterie.apege.ch\/wp-content\/uploads\/2020\/01\/D9F83367-4622-4A59-9BB7-87CB1B878C04.jpeg\" data-no-retina width=\"900\" height=\"600\" \/>\n<\/a>\t\t<div class=\"wpex-loop-product-add-to-cart\"><a href=\"https:\/\/billetterie.apege.ch\/index.php\/produit\/concert-hem-choeur-orchestre-luciano-berio-dapres-pablo-neruda-et-chants-populaires-victoria-hall-26-avril-2026-a-17h00\/\" aria-describedby=\"woocommerce_loop_add_to_cart_link_describedby_2084\" data-quantity=\"1\" class=\"button product_type_simple\" data-product_id=\"2084\" data-product_sku=\"\" aria-label=\"En savoir plus sur &ldquo;Concert \u2013 HEM Ch\u0153ur &amp; Orchestre Luciano Berio, d\u2019apr\u00e8s Pablo Neruda et chants populaires VICTORIA HALL \u2013 26 avril 2026 \u00e0 17h00&rdquo;\" rel=\"nofollow\" data-success_message=\"\">Ajouter<\/a>\t<span id=\"woocommerce_loop_add_to_cart_link_describedby_2084\" class=\"screen-reader-text\">\n\t\t\t<\/span>\n<\/div>\n\t<\/div><div class=\"product-details match-height-content\"><a href=\"https:\/\/billetterie.apege.ch\/index.php\/produit\/concert-hem-choeur-orchestre-luciano-berio-dapres-pablo-neruda-et-chants-populaires-victoria-hall-26-avril-2026-a-17h00\/\"><h2 class=\"woocommerce-loop-product__title\">Concert \u2013 HEM Ch\u0153ur &#038; Orchestre Luciano Berio, d\u2019apr\u00e8s Pablo Neruda et chants populaires VICTORIA HALL \u2013 26 avril 2026 \u00e0 17h00<\/h2><\/a>\n\t<span class=\"price\"><span class=\"woocommerce-Price-amount amount\"><bdi>8.00<span class=\"woocommerce-Price-currencySymbol\">&#67;&#72;&#70;<\/span><\/bdi><\/span><\/span>\n<\/div><\/div><\/li>\n<li class=\"entry has-media col wpex-woo-entry span_1_of_4 product type-product post-2085 status-publish first outofstock product_cat-concerts-et-operas has-post-thumbnail shipping-taxable purchasable product-type-simple\">\n\t<div class=\"product-inner clr\">\t\t<div class=\"outofstock-badge\">Plus en stock<\/div>\n\t\t<div class=\"wpex-loop-product-images\"><a href=\"https:\/\/billetterie.apege.ch\/index.php\/produit\/concert-ensemble-batida-am-ang-klung-klang-4-heures-de-plongee-sonique-victoria-hall-10-mai-2026-a-17h00\/\" class=\"woocommerce-LoopProduct-link woocommerce-loop-product__link\">\n\t<img loading=\"lazy\" decoding=\"async\" class=\"woo-entry-image-main wp-post-image\" alt=\"Concert \u2013 ENSEMBLE BATIDA \u00ab Am Ang Klung Klang \u00bb 4 Heures De Plong\u00e9e Sonique VICTORIA HALL \u2013 10 Mai 2026 \u00e0 17h00\" src=\"https:\/\/billetterie.apege.ch\/wp-content\/uploads\/2020\/01\/D9F83367-4622-4A59-9BB7-87CB1B878C04.jpeg\" data-no-retina width=\"900\" height=\"600\" \/>\n<\/a>\t\t<div class=\"wpex-loop-product-add-to-cart\"><a href=\"https:\/\/billetterie.apege.ch\/index.php\/produit\/concert-ensemble-batida-am-ang-klung-klang-4-heures-de-plongee-sonique-victoria-hall-10-mai-2026-a-17h00\/\" aria-describedby=\"woocommerce_loop_add_to_cart_link_describedby_2085\" data-quantity=\"1\" class=\"button product_type_simple\" data-product_id=\"2085\" data-product_sku=\"\" aria-label=\"En savoir plus sur &ldquo;Concert \u2013 ENSEMBLE BATIDA \u00ab Am Ang Klung Klang \u00bb 4 heures de plong\u00e9e sonique VICTORIA HALL \u2013 10 mai 2026 \u00e0 17h00&rdquo;\" rel=\"nofollow\" data-success_message=\"\">Ajouter<\/a>\t<span id=\"woocommerce_loop_add_to_cart_link_describedby_2085\" class=\"screen-reader-text\">\n\t\t\t<\/span>\n<\/div>\n\t<\/div><div class=\"product-details match-height-content\"><a href=\"https:\/\/billetterie.apege.ch\/index.php\/produit\/concert-ensemble-batida-am-ang-klung-klang-4-heures-de-plongee-sonique-victoria-hall-10-mai-2026-a-17h00\/\"><h2 class=\"woocommerce-loop-product__title\">Concert \u2013 ENSEMBLE BATIDA \u00ab Am Ang Klung Klang \u00bb 4 heures de plong\u00e9e sonique VICTORIA HALL \u2013 10 mai 2026 \u00e0 17h00<\/h2><\/a>\n\t<span class=\"price\"><span class=\"woocommerce-Price-amount amount\"><bdi>8.00<span class=\"woocommerce-Price-currencySymbol\">&#67;&#72;&#70;<\/span><\/bdi><\/span><\/span>\n<\/div><\/div><\/li>\n<\/ul>\n<\/div>\n","protected":false},"excerpt":{"rendered":"Plus en stock Ajouter Concert \u2013 ORCHESTRE DU COLLEGE HEAD Zimmer, Rudaz, Moussorgsky VICTORIA HALL \u2013 18 janvier 2026 \u00e0 17h00 8.00&#67;&#72;&#70; Plus en stock Ajouter Concert \u2013 OCG &#038; CONTRECAHMPS Ch\u0153ur en fusion Projet et Direction musicale Aur\u00e9lien Chappuis&hellip;","protected":false},"author":2,"featured_media":0,"parent":0,"menu_order":0,"comment_status":"closed","ping_status":"closed","template":"templates\/no-sidebar.php","meta":{"footnotes":""},"class_list":["post-474","page","type-page","status-publish","hentry","entry","no-media"],"_links":{"self":[{"href":"https:\/\/billetterie.apege.ch\/index.php\/wp-json\/wp\/v2\/pages\/474","targetHints":{"allow":["GET"]}}],"collection":[{"href":"https:\/\/billetterie.apege.ch\/index.php\/wp-json\/wp\/v2\/pages"}],"about":[{"href":"https:\/\/billetterie.apege.ch\/index.php\/wp-json\/wp\/v2\/types\/page"}],"author":[{"embeddable":true,"href":"https:\/\/billetterie.apege.ch\/index.php\/wp-json\/wp\/v2\/users\/2"}],"replies":[{"embeddable":true,"href":"https:\/\/billetterie.apege.ch\/index.php\/wp-json\/wp\/v2\/comments?post=474"}],"version-history":[{"count":6,"href":"https:\/\/billetterie.apege.ch\/index.php\/wp-json\/wp\/v2\/pages\/474\/revisions"}],"predecessor-version":[{"id":2167,"href":"https:\/\/billetterie.apege.ch\/index.php\/wp-json\/wp\/v2\/pages\/474\/revisions\/2167"}],"wp:attachment":[{"href":"https:\/\/billetterie.apege.ch\/index.php\/wp-json\/wp\/v2\/media?parent=474"}],"curies":[{"name":"wp","href":"https:\/\/api.w.org\/{rel}","templated":true}]}}