{"id":470,"date":"2022-12-12T15:09:33","date_gmt":"2022-12-12T15:09:33","guid":{"rendered":"https:\/\/billetterie.apege.ch\/?page_id=470"},"modified":"2023-07-12T13:37:36","modified_gmt":"2023-07-12T13:37:36","slug":"activites-excursions","status":"publish","type":"page","link":"https:\/\/billetterie.apege.ch\/index.php\/activites-excursions\/","title":{"rendered":"Activit\u00e9s et Excursions"},"content":{"rendered":"[vc_row][vc_column]<div class=\"woocommerce columns-4 \">\n<ul class=\"products wpex-row clr match-height-grid\"><li class=\"entry has-media col wpex-woo-entry span_1_of_4 product type-product post-2058 status-publish first outofstock product_cat-sorties-et-excursions has-post-thumbnail shipping-taxable purchasable product-type-simple\">\n\t<div class=\"product-inner clr\">\t\t<div class=\"outofstock-badge\">Plus en stock<\/div>\n\t\t<div class=\"wpex-loop-product-images\"><a href=\"https:\/\/billetterie.apege.ch\/index.php\/produit\/visite-guidee-de-la-collection-du-crest-et-du-domaine-suivi-dune-degustation-de-vins-mercredi-18-mars-2026-a-10-heures-pour-membre\/\" class=\"woocommerce-LoopProduct-link woocommerce-loop-product__link\">\n\t<img loading=\"lazy\" decoding=\"async\" class=\"woo-entry-image-main wp-post-image\" alt=\"Visite Guid\u00e9e De La Collection Du Crest Et Du Domaine Suivi D\u2019une D\u00e9gustation De Vins &#8211; Mercredi 18 Mars 2026 \u00e0 10 Heures &#8211; Pour Membre\" src=\"https:\/\/billetterie.apege.ch\/wp-content\/uploads\/2025\/11\/image-1.jpg\" data-no-retina width=\"278\" height=\"260\" \/>\n<\/a>\t\t<div class=\"wpex-loop-product-add-to-cart\"><a href=\"https:\/\/billetterie.apege.ch\/index.php\/produit\/visite-guidee-de-la-collection-du-crest-et-du-domaine-suivi-dune-degustation-de-vins-mercredi-18-mars-2026-a-10-heures-pour-membre\/\" aria-describedby=\"woocommerce_loop_add_to_cart_link_describedby_2058\" data-quantity=\"1\" class=\"button product_type_simple\" data-product_id=\"2058\" data-product_sku=\"\" aria-label=\"En savoir plus sur &ldquo;Visite guid\u00e9e de la Collection du Crest et du Domaine suivi d\u2019une d\u00e9gustation de vins - Mercredi 18 mars 2026 \u00e0 10 heures - Pour membre&rdquo;\" rel=\"nofollow\" data-success_message=\"\">Ajouter<\/a>\t<span id=\"woocommerce_loop_add_to_cart_link_describedby_2058\" class=\"screen-reader-text\">\n\t\t\t<\/span>\n<\/div>\n\t<\/div><div class=\"product-details match-height-content\"><a href=\"https:\/\/billetterie.apege.ch\/index.php\/produit\/visite-guidee-de-la-collection-du-crest-et-du-domaine-suivi-dune-degustation-de-vins-mercredi-18-mars-2026-a-10-heures-pour-membre\/\"><h2 class=\"woocommerce-loop-product__title\">Visite guid\u00e9e de la Collection du Crest et du Domaine suivi d\u2019une d\u00e9gustation de vins &#8211; Mercredi 18 mars 2026 \u00e0 10 heures &#8211; Pour membre<\/h2><\/a>\n\t<span class=\"price\"><span class=\"woocommerce-Price-amount amount\"><bdi>30.00<span class=\"woocommerce-Price-currencySymbol\">&#67;&#72;&#70;<\/span><\/bdi><\/span><\/span>\n<\/div><\/div><\/li>\n<li class=\"entry has-media col wpex-woo-entry span_1_of_4 product type-product post-2061 status-publish outofstock product_cat-sorties-et-excursions has-post-thumbnail shipping-taxable purchasable product-type-simple\">\n\t<div class=\"product-inner clr\">\t\t<div class=\"outofstock-badge\">Plus en stock<\/div>\n\t\t<div class=\"wpex-loop-product-images\"><a href=\"https:\/\/billetterie.apege.ch\/index.php\/produit\/visite-guidee-de-la-collection-du-crest-et-du-domaine-suivi-dune-degustation-de-vins-mercredi-18-mars-2026-a-10-heures-pour-invite\/\" class=\"woocommerce-LoopProduct-link woocommerce-loop-product__link\">\n\t<img loading=\"lazy\" decoding=\"async\" class=\"woo-entry-image-main wp-post-image\" alt=\"Visite Guid\u00e9e De La Collection Du Crest Et Du Domaine Suivi D\u2019une D\u00e9gustation De Vins &#8211; Mercredi 18 Mars 2026 \u00e0 10 Heures &#8211; Pour Invit\u00e9\" src=\"https:\/\/billetterie.apege.ch\/wp-content\/uploads\/2025\/11\/image-1.jpg\" data-no-retina width=\"278\" height=\"260\" \/>\n<\/a>\t\t<div class=\"wpex-loop-product-add-to-cart\"><a href=\"https:\/\/billetterie.apege.ch\/index.php\/produit\/visite-guidee-de-la-collection-du-crest-et-du-domaine-suivi-dune-degustation-de-vins-mercredi-18-mars-2026-a-10-heures-pour-invite\/\" aria-describedby=\"woocommerce_loop_add_to_cart_link_describedby_2061\" data-quantity=\"1\" class=\"button product_type_simple\" data-product_id=\"2061\" data-product_sku=\"\" aria-label=\"En savoir plus sur &ldquo;Visite guid\u00e9e de la Collection du Crest et du Domaine suivi d\u2019une d\u00e9gustation de vins - Mercredi 18 mars 2026 \u00e0 10 heures - Pour invit\u00e9&rdquo;\" rel=\"nofollow\" data-success_message=\"\">Ajouter<\/a>\t<span id=\"woocommerce_loop_add_to_cart_link_describedby_2061\" class=\"screen-reader-text\">\n\t\t\t<\/span>\n<\/div>\n\t<\/div><div class=\"product-details match-height-content\"><a href=\"https:\/\/billetterie.apege.ch\/index.php\/produit\/visite-guidee-de-la-collection-du-crest-et-du-domaine-suivi-dune-degustation-de-vins-mercredi-18-mars-2026-a-10-heures-pour-invite\/\"><h2 class=\"woocommerce-loop-product__title\">Visite guid\u00e9e de la Collection du Crest et du Domaine suivi d\u2019une d\u00e9gustation de vins &#8211; Mercredi 18 mars 2026 \u00e0 10 heures &#8211; Pour invit\u00e9<\/h2><\/a>\n\t<span class=\"price\"><span class=\"woocommerce-Price-amount amount\"><bdi>40.00<span class=\"woocommerce-Price-currencySymbol\">&#67;&#72;&#70;<\/span><\/bdi><\/span><\/span>\n<\/div><\/div><\/li>\n<li class=\"entry has-media col wpex-woo-entry span_1_of_4 product type-product post-2073 status-publish outofstock product_cat-sorties-et-excursions has-post-thumbnail shipping-taxable purchasable product-type-simple\">\n\t<div class=\"product-inner clr\">\t\t<div class=\"outofstock-badge\">Plus en stock<\/div>\n\t\t<div class=\"wpex-loop-product-images\"><a href=\"https:\/\/billetterie.apege.ch\/index.php\/produit\/atelier-sushi-avec-erika-wiget-25-mars-a-18h30-21h30-au-manege-en-ville-ge\/\" class=\"woocommerce-LoopProduct-link woocommerce-loop-product__link\">\n\t<img loading=\"lazy\" decoding=\"async\" class=\"woo-entry-image-main wp-post-image\" alt=\"Atelier Sushi Avec Erika Wiget &#8211; 25 Mars \u00e0 18h30-21h30 Au Man\u00e8ge-en-Ville, GE\" src=\"https:\/\/billetterie.apege.ch\/wp-content\/uploads\/2025\/11\/image-2.png\" data-no-retina width=\"235\" height=\"176\" \/>\n<\/a>\t\t<div class=\"wpex-loop-product-add-to-cart\"><a href=\"https:\/\/billetterie.apege.ch\/index.php\/produit\/atelier-sushi-avec-erika-wiget-25-mars-a-18h30-21h30-au-manege-en-ville-ge\/\" aria-describedby=\"woocommerce_loop_add_to_cart_link_describedby_2073\" data-quantity=\"1\" class=\"button product_type_simple\" data-product_id=\"2073\" data-product_sku=\"\" aria-label=\"En savoir plus sur &ldquo;Atelier Sushi avec Erika Wiget - 25 mars \u00e0 18h30-21h30 au Man\u00e8ge-en-Ville, GE&rdquo;\" rel=\"nofollow\" data-success_message=\"\">Ajouter<\/a>\t<span id=\"woocommerce_loop_add_to_cart_link_describedby_2073\" class=\"screen-reader-text\">\n\t\t\t<\/span>\n<\/div>\n\t<\/div><div class=\"product-details match-height-content\"><a href=\"https:\/\/billetterie.apege.ch\/index.php\/produit\/atelier-sushi-avec-erika-wiget-25-mars-a-18h30-21h30-au-manege-en-ville-ge\/\"><h2 class=\"woocommerce-loop-product__title\">Atelier Sushi avec Erika Wiget &#8211; 25 mars \u00e0 18h30-21h30 au Man\u00e8ge-en-Ville, GE<\/h2><\/a>\n\t<span class=\"price\"><span class=\"woocommerce-Price-amount amount\"><bdi>30.00<span class=\"woocommerce-Price-currencySymbol\">&#67;&#72;&#70;<\/span><\/bdi><\/span><\/span>\n<\/div><\/div><\/li>\n<li class=\"entry has-media col wpex-woo-entry span_1_of_4 product type-product post-2055 status-publish last outofstock product_cat-sorties-et-excursions has-post-thumbnail shipping-taxable purchasable product-type-simple\">\n\t<div class=\"product-inner clr\">\t\t<div class=\"outofstock-badge\">Plus en stock<\/div>\n\t\t<div class=\"wpex-loop-product-images\"><a href=\"https:\/\/billetterie.apege.ch\/index.php\/produit\/visite-de-la-micro-brasserie-gessienne-a-ornex-ain-jeudi-le-16-avril-2026-a-15h20-pour-membre\/\" class=\"woocommerce-LoopProduct-link woocommerce-loop-product__link\">\n\t<img loading=\"lazy\" decoding=\"async\" class=\"woo-entry-image-main wp-post-image\" alt=\"Visite De La Micro Brasserie Gessienne \u00e0 Ornex (Ain) &#8211; Jeudi Le 16 Avril 2026 \u00e0 15h20 &#8211; Pour Membre\" src=\"https:\/\/billetterie.apege.ch\/wp-content\/uploads\/2025\/11\/image.jpg\" data-no-retina width=\"201\" height=\"251\" \/>\n<\/a>\t\t<div class=\"wpex-loop-product-add-to-cart\"><a href=\"https:\/\/billetterie.apege.ch\/index.php\/produit\/visite-de-la-micro-brasserie-gessienne-a-ornex-ain-jeudi-le-16-avril-2026-a-15h20-pour-membre\/\" aria-describedby=\"woocommerce_loop_add_to_cart_link_describedby_2055\" data-quantity=\"1\" class=\"button product_type_simple\" data-product_id=\"2055\" data-product_sku=\"\" aria-label=\"En savoir plus sur &ldquo;Visite de la micro brasserie gessienne \u00e0 Ornex (Ain) - Jeudi le 16 avril 2026 \u00e0 15h20 - Pour membre&rdquo;\" rel=\"nofollow\" data-success_message=\"\">Ajouter<\/a>\t<span id=\"woocommerce_loop_add_to_cart_link_describedby_2055\" class=\"screen-reader-text\">\n\t\t\t<\/span>\n<\/div>\n\t<\/div><div class=\"product-details match-height-content\"><a href=\"https:\/\/billetterie.apege.ch\/index.php\/produit\/visite-de-la-micro-brasserie-gessienne-a-ornex-ain-jeudi-le-16-avril-2026-a-15h20-pour-membre\/\"><h2 class=\"woocommerce-loop-product__title\">Visite de la micro brasserie gessienne \u00e0 Ornex (Ain) &#8211; Jeudi le 16 avril 2026 \u00e0 15h20 &#8211; Pour membre<\/h2><\/a>\n\t<span class=\"price\"><span class=\"woocommerce-Price-amount amount\"><bdi>30.00<span class=\"woocommerce-Price-currencySymbol\">&#67;&#72;&#70;<\/span><\/bdi><\/span><\/span>\n<\/div><\/div><\/li>\n<li class=\"entry has-media col wpex-woo-entry span_1_of_4 product type-product post-2057 status-publish first outofstock product_cat-sorties-et-excursions has-post-thumbnail shipping-taxable purchasable product-type-simple\">\n\t<div class=\"product-inner clr\">\t\t<div class=\"outofstock-badge\">Plus en stock<\/div>\n\t\t<div class=\"wpex-loop-product-images\"><a href=\"https:\/\/billetterie.apege.ch\/index.php\/produit\/visite-de-la-micro-brasserie-gessienne-a-ornex-ain-jeudi-le-16-avril-2026-a-15h20-pour-invite\/\" class=\"woocommerce-LoopProduct-link woocommerce-loop-product__link\">\n\t<img loading=\"lazy\" decoding=\"async\" class=\"woo-entry-image-main wp-post-image\" alt=\"Visite De La Micro Brasserie Gessienne \u00e0 Ornex (Ain) &#8211; Jeudi Le 16 Avril 2026 \u00e0 15h20 &#8211; Pour Invit\u00e9\" src=\"https:\/\/billetterie.apege.ch\/wp-content\/uploads\/2025\/11\/image.jpg\" data-no-retina width=\"201\" height=\"251\" \/>\n<\/a>\t\t<div class=\"wpex-loop-product-add-to-cart\"><a href=\"https:\/\/billetterie.apege.ch\/index.php\/produit\/visite-de-la-micro-brasserie-gessienne-a-ornex-ain-jeudi-le-16-avril-2026-a-15h20-pour-invite\/\" aria-describedby=\"woocommerce_loop_add_to_cart_link_describedby_2057\" data-quantity=\"1\" class=\"button product_type_simple\" data-product_id=\"2057\" data-product_sku=\"\" aria-label=\"En savoir plus sur &ldquo;Visite de la micro brasserie gessienne \u00e0 Ornex (Ain) - Jeudi le 16 avril 2026 \u00e0 15h20 - Pour invit\u00e9&rdquo;\" rel=\"nofollow\" data-success_message=\"\">Ajouter<\/a>\t<span id=\"woocommerce_loop_add_to_cart_link_describedby_2057\" class=\"screen-reader-text\">\n\t\t\t<\/span>\n<\/div>\n\t<\/div><div class=\"product-details match-height-content\"><a href=\"https:\/\/billetterie.apege.ch\/index.php\/produit\/visite-de-la-micro-brasserie-gessienne-a-ornex-ain-jeudi-le-16-avril-2026-a-15h20-pour-invite\/\"><h2 class=\"woocommerce-loop-product__title\">Visite de la micro brasserie gessienne \u00e0 Ornex (Ain) &#8211; Jeudi le 16 avril 2026 \u00e0 15h20 &#8211; Pour invit\u00e9<\/h2><\/a>\n\t<span class=\"price\"><span class=\"woocommerce-Price-amount amount\"><bdi>40.00<span class=\"woocommerce-Price-currencySymbol\">&#67;&#72;&#70;<\/span><\/bdi><\/span><\/span>\n<\/div><\/div><\/li>\n<li class=\"entry has-media col wpex-woo-entry span_1_of_4 product type-product post-2070 status-publish outofstock product_cat-sorties-et-excursions has-post-thumbnail shipping-taxable purchasable product-type-simple\">\n\t<div class=\"product-inner clr\">\t\t<div class=\"outofstock-badge\">Plus en stock<\/div>\n\t\t<div class=\"wpex-loop-product-images\"><a href=\"https:\/\/billetterie.apege.ch\/index.php\/produit\/une-journee-au-canal-de-savieres-pres-de-chanaz-jeudi-30-avril-2026-a-8h00-pour-membre\/\" class=\"woocommerce-LoopProduct-link woocommerce-loop-product__link\">\n\t<img loading=\"lazy\" decoding=\"async\" class=\"woo-entry-image-main wp-post-image\" alt=\"Une Journ\u00e9e Au Canal De Savi\u00e8res Pr\u00e8s De Chanaz &#8211; Jeudi 30 Avril 2026 \u00e0 8h00 Pour Membre\" src=\"https:\/\/billetterie.apege.ch\/wp-content\/uploads\/2025\/11\/image-3.jpg\" data-no-retina width=\"515\" height=\"317\" \/>\n<\/a>\t\t<div class=\"wpex-loop-product-add-to-cart\"><a href=\"https:\/\/billetterie.apege.ch\/index.php\/produit\/une-journee-au-canal-de-savieres-pres-de-chanaz-jeudi-30-avril-2026-a-8h00-pour-membre\/\" aria-describedby=\"woocommerce_loop_add_to_cart_link_describedby_2070\" data-quantity=\"1\" class=\"button product_type_simple\" data-product_id=\"2070\" data-product_sku=\"\" aria-label=\"En savoir plus sur &ldquo;Une journ\u00e9e au canal de Savi\u00e8res pr\u00e8s de Chanaz - Jeudi 30 avril 2026 \u00e0 8h00 Pour membre&rdquo;\" rel=\"nofollow\" data-success_message=\"\">Ajouter<\/a>\t<span id=\"woocommerce_loop_add_to_cart_link_describedby_2070\" class=\"screen-reader-text\">\n\t\t\t<\/span>\n<\/div>\n\t<\/div><div class=\"product-details match-height-content\"><a href=\"https:\/\/billetterie.apege.ch\/index.php\/produit\/une-journee-au-canal-de-savieres-pres-de-chanaz-jeudi-30-avril-2026-a-8h00-pour-membre\/\"><h2 class=\"woocommerce-loop-product__title\">Une journ\u00e9e au canal de Savi\u00e8res pr\u00e8s de Chanaz &#8211; Jeudi 30 avril 2026 \u00e0 8h00 Pour membre<\/h2><\/a>\n\t<span class=\"price\"><span class=\"woocommerce-Price-amount amount\"><bdi>90.00<span class=\"woocommerce-Price-currencySymbol\">&#67;&#72;&#70;<\/span><\/bdi><\/span><\/span>\n<\/div><\/div><\/li>\n<li class=\"entry has-media col wpex-woo-entry span_1_of_4 product type-product post-2072 status-publish outofstock product_cat-sorties-et-excursions has-post-thumbnail shipping-taxable purchasable product-type-simple\">\n\t<div class=\"product-inner clr\">\t\t<div class=\"outofstock-badge\">Plus en stock<\/div>\n\t\t<div class=\"wpex-loop-product-images\"><a href=\"https:\/\/billetterie.apege.ch\/index.php\/produit\/une-journee-au-canal-de-savieres-pres-de-chanaz-jeudi-30-avril-2026-a-8h00-pour-invite\/\" class=\"woocommerce-LoopProduct-link woocommerce-loop-product__link\">\n\t<img loading=\"lazy\" decoding=\"async\" class=\"woo-entry-image-main wp-post-image\" alt=\"Une Journ\u00e9e Au Canal De Savi\u00e8res Pr\u00e8s De Chanaz &#8211; Jeudi 30 Avril 2026 \u00e0 8h00 Pour Invit\u00e9\" src=\"https:\/\/billetterie.apege.ch\/wp-content\/uploads\/2025\/11\/image-3.jpg\" data-no-retina width=\"515\" height=\"317\" \/>\n<\/a>\t\t<div class=\"wpex-loop-product-add-to-cart\"><a href=\"https:\/\/billetterie.apege.ch\/index.php\/produit\/une-journee-au-canal-de-savieres-pres-de-chanaz-jeudi-30-avril-2026-a-8h00-pour-invite\/\" aria-describedby=\"woocommerce_loop_add_to_cart_link_describedby_2072\" data-quantity=\"1\" class=\"button product_type_simple\" data-product_id=\"2072\" data-product_sku=\"\" aria-label=\"En savoir plus sur &ldquo;Une journ\u00e9e au canal de Savi\u00e8res pr\u00e8s de Chanaz - Jeudi 30 avril 2026 \u00e0 8h00 Pour invit\u00e9&rdquo;\" rel=\"nofollow\" data-success_message=\"\">Ajouter<\/a>\t<span id=\"woocommerce_loop_add_to_cart_link_describedby_2072\" class=\"screen-reader-text\">\n\t\t\t<\/span>\n<\/div>\n\t<\/div><div class=\"product-details match-height-content\"><a href=\"https:\/\/billetterie.apege.ch\/index.php\/produit\/une-journee-au-canal-de-savieres-pres-de-chanaz-jeudi-30-avril-2026-a-8h00-pour-invite\/\"><h2 class=\"woocommerce-loop-product__title\">Une journ\u00e9e au canal de Savi\u00e8res pr\u00e8s de Chanaz &#8211; Jeudi 30 avril 2026 \u00e0 8h00 Pour invit\u00e9<\/h2><\/a>\n\t<span class=\"price\"><span class=\"woocommerce-Price-amount amount\"><bdi>120.00<span class=\"woocommerce-Price-currencySymbol\">&#67;&#72;&#70;<\/span><\/bdi><\/span><\/span>\n<\/div><\/div><\/li>\n<li class=\"entry has-media col wpex-woo-entry span_1_of_4 product type-product post-2067 status-publish last instock product_cat-sorties-et-excursions has-post-thumbnail shipping-taxable purchasable product-type-simple\">\n\t<div class=\"product-inner clr\"><div class=\"wpex-loop-product-images\"><a href=\"https:\/\/billetterie.apege.ch\/index.php\/produit\/marche-dans-le-canton-de-geneve-printemps-2026\/\" class=\"woocommerce-LoopProduct-link woocommerce-loop-product__link\">\n\t<img loading=\"lazy\" decoding=\"async\" class=\"woo-entry-image-main wp-post-image\" alt=\"Marche Dans Le Canton De Gen\u00e8ve &#8211; Printemps 2026\" src=\"https:\/\/billetterie.apege.ch\/wp-content\/uploads\/2025\/11\/image-2.jpg\" data-no-retina width=\"591\" height=\"325\" \/>\n<\/a>\t\t<div class=\"wpex-loop-product-add-to-cart\"><a href=\"\/index.php\/wp-json\/wp\/v2\/pages\/470?add-to-cart=2067\" aria-describedby=\"woocommerce_loop_add_to_cart_link_describedby_2067\" data-quantity=\"1\" class=\"button product_type_simple add_to_cart_button ajax_add_to_cart\" data-product_id=\"2067\" data-product_sku=\"\" aria-label=\"Ajouter au panier\u00a0: &ldquo;Marche dans le Canton de Gen\u00e8ve - Printemps 2026&rdquo;\" rel=\"nofollow\" data-success_message=\"\u00ab\u00a0Marche dans le Canton de Gen\u00e8ve - Printemps 2026\u00a0\u00bb a \u00e9t\u00e9 ajout\u00e9 \u00e0 votre panier\" role=\"button\">Ajouter<\/a>\t<span id=\"woocommerce_loop_add_to_cart_link_describedby_2067\" class=\"screen-reader-text\">\n\t\t\t<\/span>\n<\/div>\n\t<\/div><div class=\"product-details match-height-content\"><a href=\"https:\/\/billetterie.apege.ch\/index.php\/produit\/marche-dans-le-canton-de-geneve-printemps-2026\/\"><h2 class=\"woocommerce-loop-product__title\">Marche dans le Canton de Gen\u00e8ve &#8211; Printemps 2026<\/h2><\/a>\n\t<span class=\"price\"><span class=\"woocommerce-Price-amount amount\"><bdi>0.00<span class=\"woocommerce-Price-currencySymbol\">&#67;&#72;&#70;<\/span><\/bdi><\/span><\/span>\n<\/div><\/div><\/li>\n<\/ul>\n<\/div>[\/vc_column][vc_column][\/vc_column][\/vc_row]\n","protected":false},"excerpt":{"rendered":"<p>[vc_row][vc_column][\/vc_column][vc_column][\/vc_column][\/vc_row]<\/p>\n","protected":false},"author":2,"featured_media":0,"parent":0,"menu_order":0,"comment_status":"closed","ping_status":"closed","template":"templates\/no-sidebar.php","meta":{"footnotes":""},"class_list":["post-470","page","type-page","status-publish","hentry","entry","no-media"],"_links":{"self":[{"href":"https:\/\/billetterie.apege.ch\/index.php\/wp-json\/wp\/v2\/pages\/470","targetHints":{"allow":["GET"]}}],"collection":[{"href":"https:\/\/billetterie.apege.ch\/index.php\/wp-json\/wp\/v2\/pages"}],"about":[{"href":"https:\/\/billetterie.apege.ch\/index.php\/wp-json\/wp\/v2\/types\/page"}],"author":[{"embeddable":true,"href":"https:\/\/billetterie.apege.ch\/index.php\/wp-json\/wp\/v2\/users\/2"}],"replies":[{"embeddable":true,"href":"https:\/\/billetterie.apege.ch\/index.php\/wp-json\/wp\/v2\/comments?post=470"}],"version-history":[{"count":8,"href":"https:\/\/billetterie.apege.ch\/index.php\/wp-json\/wp\/v2\/pages\/470\/revisions"}],"predecessor-version":[{"id":727,"href":"https:\/\/billetterie.apege.ch\/index.php\/wp-json\/wp\/v2\/pages\/470\/revisions\/727"}],"wp:attachment":[{"href":"https:\/\/billetterie.apege.ch\/index.php\/wp-json\/wp\/v2\/media?parent=470"}],"curies":[{"name":"wp","href":"https:\/\/api.w.org\/{rel}","templated":true}]}}